{"id":40,"date":"2018-04-13T10:32:29","date_gmt":"2018-04-13T10:32:29","guid":{"rendered":"http:\/\/summer3p.concordsoft.com\/?page_id=40"},"modified":"2025-06-28T09:49:38","modified_gmt":"2025-06-28T09:49:38","slug":"summer3p-radionice","status":"publish","type":"page","link":"https:\/\/summer3p.org\/en\/festivalski-program\/summer3p-radionice\/","title":{"rendered":"Summer3p workshops"},"content":{"rendered":"<section class=\"wpb-content-wrapper\"><div class=\"vc_row wpb_row vc_row-fluid tpath-vc-section bg-style tpath-standard bg-shapecolor-tpath-standard\"><div class=\"tpath-row-inner-wrapper\"><div class=\"container\"><div class=\"row\"><div class=\"wpb_column vc_main_column vc_column_container vc_col-sm-12 typo-default\"><div class=\"tpath-column-inner-wrapper vc_column-inner bg-style column-bg-default\"><div class=\"wpb_wrapper\"><div class=\"tpath-section-title clearfix separator-style-no text-center titleid-1\"><div class=\"section-heading-top\"><div class=\"section-heading\"><h2 class=\"section-title\">Summer3p workshops<\/h2><h5 class=\"section-sub-title\"> sva tri dana trajanja festivala<\/h5><\/div><\/div><\/div><div class=\"vc_separator wpb_content_element vc_separator_align_center vc_sep_width_100 vc_sep_pos_align_center vc_separator_no_text vc_sep_color_sky\" ><span class=\"vc_sep_holder vc_sep_holder_l\"><span class=\"vc_sep_line\"><\/span><\/span><span class=\"vc_sep_holder vc_sep_holder_r\"><span class=\"vc_sep_line\"><\/span><\/span>\n<\/div><h2 style=\"text-align: center;font-family:Abril Fatface;font-weight:400;font-style:normal\" class=\"vc_custom_heading\" >PROGRAM od 17h<\/h2>\n\t<div class=\"wpb_text_column wpb_content_element\" >\n\t\t<div class=\"wpb_wrapper\">\n\t\t\t<p dir=\"auto\" style=\"text-align: center;\"><strong>\u00a0<span class=\"ILfuVd\" lang=\"en\"><span class=\"hgKElc\">\u2022\u00a0<\/span><\/span>Andy Dee Live music sport set <span class=\"ILfuVd\" lang=\"en\"><span class=\"hgKElc\">\u2022\u00a0<\/span><\/span><\/strong><\/p>\n<p dir=\"auto\" style=\"text-align: center;\"><strong>\u00a0<span class=\"ILfuVd\" lang=\"en\"><span class=\"hgKElc\">\u2022\u00a0<\/span><\/span>TNG RecikLart 3.0 <span class=\"ILfuVd\" lang=\"en\"><span class=\"hgKElc\">\u2022\u00a0<\/span><\/span><\/strong><\/p>\n<p dir=\"auto\" style=\"text-align: center;\"><strong>\u00a0<span class=\"ILfuVd\" lang=\"en\"><span class=\"hgKElc\">\u2022\u00a0<\/span><\/span>Painting ART <span class=\"ILfuVd\" lang=\"en\"><span class=\"hgKElc\">\u2022\u00a0<\/span><\/span><\/strong><\/p>\n<p dir=\"auto\" style=\"text-align: center;\"><strong>\u00a0<span class=\"ILfuVd\" lang=\"en\"><span class=\"hgKElc\">\u2022\u00a0<\/span><\/span>Summer3p heritage <span class=\"ILfuVd\" lang=\"en\"><span class=\"hgKElc\">\u2022\u00a0<\/span><\/span><\/strong><\/p>\n<p dir=\"auto\" style=\"text-align: center;\"><strong>\u00a0<span class=\"ILfuVd\" lang=\"en\"><span class=\"hgKElc\">\u2022\u00a0<\/span><\/span>NceNtar sport &amp; AKA Fight by Bane <span class=\"ILfuVd\" lang=\"en\"><span class=\"hgKElc\">\u2022\u00a0<\/span><\/span><\/strong><\/p>\n<p dir=\"auto\" style=\"text-align: center;\"><strong>\u00a0<span class=\"ILfuVd\" lang=\"en\"><span class=\"hgKElc\">\u2022\u00a0<\/span><\/span>Bonsai club <span class=\"ILfuVd\" lang=\"en\"><span class=\"hgKElc\">\u2022\u00a0<\/span><\/span><\/strong><\/p>\n<p dir=\"auto\" style=\"text-align: center;\"><strong>\u00a0<span class=\"ILfuVd\" lang=\"en\"><span class=\"hgKElc\">\u2022\u00a0<\/span><\/span>Miroslav Lazendi\u0107 feat. Matrijar\u0161ija, radionica kola\u017ea <span class=\"ILfuVd\" lang=\"en\"><span class=\"hgKElc\">\u2022\u00a0<\/span><\/span><\/strong><\/p>\n<p dir=\"auto\" style=\"text-align: center;\"><strong>\u00a0<span class=\"ILfuVd\" lang=\"en\"><span class=\"hgKElc\">\u2022\u00a0<\/span><\/span>Piazza Italija &amp; Gordana Vidakovi\u0107 <span class=\"ILfuVd\" lang=\"en\"><span class=\"hgKElc\">\u2022\u00a0<\/span><\/span><\/strong><\/p>\n<p dir=\"auto\" style=\"text-align: center;\"><strong>\u00a0<span class=\"ILfuVd\" lang=\"en\"><span class=\"hgKElc\">\u2022\u00a0<\/span><\/span>Relax zone <span class=\"ILfuVd\" lang=\"en\"><span class=\"hgKElc\">\u2022\u00a0<\/span><\/span><\/strong><\/p>\n<p dir=\"auto\" style=\"text-align: center;\"><strong>\u00a0<span class=\"ILfuVd\" lang=\"en\"><span class=\"hgKElc\">\u2022\u00a0<\/span><\/span>Yoga <span class=\"ILfuVd\" lang=\"en\"><span class=\"hgKElc\">\u2022\u00a0<\/span><\/span><\/strong><\/p>\n<p dir=\"auto\" style=\"text-align: center;\"><strong>\u00a0<span class=\"ILfuVd\" lang=\"en\"><span class=\"hgKElc\">\u2022\u00a0<\/span><\/span>\u0160ah Art <span class=\"ILfuVd\" lang=\"en\"><span class=\"hgKElc\">\u2022\u00a0<\/span><\/span><\/strong><\/p>\n<p dir=\"auto\" style=\"text-align: center;\"><strong>\u00a0<span class=\"ILfuVd\" lang=\"en\"><span class=\"hgKElc\">\u2022\u00a0<\/span><\/span>Body paint <span class=\"ILfuVd\" lang=\"en\"><span class=\"hgKElc\">\u2022\u00a0<\/span><\/span><\/strong><\/p>\n<p dir=\"auto\" style=\"text-align: center;\"><strong>\u00a0<span class=\"ILfuVd\" lang=\"en\"><span class=\"hgKElc\">\u2022\u00a0<\/span><\/span>Tinker Labs &#8211; Subotica <span class=\"ILfuVd\" lang=\"en\"><span class=\"hgKElc\">\u2022\u00a0<\/span><\/span><\/strong><\/p>\n<p dir=\"auto\" style=\"text-align: center;\"><strong>\u00a0<span class=\"ILfuVd\" lang=\"en\"><span class=\"hgKElc\">\u2022\u00a0<\/span><\/span>Vazduhoplovno modelarski klub Subotica <span class=\"ILfuVd\" lang=\"en\"><span class=\"hgKElc\">\u2022\u00a0<\/span><\/span><\/strong><\/p>\n\n\t\t<\/div>\n\t<\/div>\n<\/div><\/div><\/div><\/div><\/div><\/div><\/div>\n<\/section>","protected":false},"excerpt":{"rendered":"Summer3p radionice sva tri dana trajanja festivala PROGRAM od 17h \u00a0\u2022\u00a0Andy Dee Live music sport set \u2022\u00a0 \u00a0\u2022\u00a0TNG RecikLart 3.0 \u2022\u00a0 \u00a0\u2022\u00a0Painting ART \u2022\u00a0 \u00a0\u2022\u00a0Summer3p heritage \u2022\u00a0 \u00a0\u2022\u00a0NceNtar sport &amp;...","protected":false},"author":1,"featured_media":0,"parent":11,"menu_order":0,"comment_status":"closed","ping_status":"closed","template":"","meta":{"footnotes":""},"class_list":["post-40","page","type-page","status-publish","hentry"],"_links":{"self":[{"href":"https:\/\/summer3p.org\/en\/wp-json\/wp\/v2\/pages\/40","targetHints":{"allow":["GET"]}}],"collection":[{"href":"https:\/\/summer3p.org\/en\/wp-json\/wp\/v2\/pages"}],"about":[{"href":"https:\/\/summer3p.org\/en\/wp-json\/wp\/v2\/types\/page"}],"author":[{"embeddable":true,"href":"https:\/\/summer3p.org\/en\/wp-json\/wp\/v2\/users\/1"}],"replies":[{"embeddable":true,"href":"https:\/\/summer3p.org\/en\/wp-json\/wp\/v2\/comments?post=40"}],"version-history":[{"count":26,"href":"https:\/\/summer3p.org\/en\/wp-json\/wp\/v2\/pages\/40\/revisions"}],"predecessor-version":[{"id":7656,"href":"https:\/\/summer3p.org\/en\/wp-json\/wp\/v2\/pages\/40\/revisions\/7656"}],"up":[{"embeddable":true,"href":"https:\/\/summer3p.org\/en\/wp-json\/wp\/v2\/pages\/11"}],"wp:attachment":[{"href":"https:\/\/summer3p.org\/en\/wp-json\/wp\/v2\/media?parent=40"}],"curies":[{"name":"wp","href":"https:\/\/api.w.org\/{rel}","templated":true}]}}