{"id":418,"date":"2016-11-15T12:23:12","date_gmt":"2016-11-15T12:23:12","guid":{"rendered":"http:\/\/asianitbd.com\/wp\/smartup\/demo\/our-services-copy\/"},"modified":"2025-06-28T09:12:12","modified_gmt":"2025-06-28T09:12:12","slug":"pricings","status":"publish","type":"page","link":"https:\/\/summer3p.org\/en\/pricings\/","title":{"rendered":"Tickets"},"content":{"rendered":"<section class=\"wpb-content-wrapper\"><div class=\"vc_row wpb_row vc_row-fluid tpath-vc-section bg-style grey-wrapper bg-shapecolor-tpath-standard\"><div class=\"tpath-row-inner-wrapper\"><div class=\"container\"><div class=\"row\"><div class=\"wpb_column vc_main_column vc_column_container vc_col-sm-4 typo-default\"><div class=\"tpath-column-inner-wrapper vc_column-inner bg-style column-bg-default vc_custom_1479214158240\"><div class=\"wpb_wrapper\"><div id=\"tpath-pricing-table-1\" class=\"tpath-pricing-table-wrapper vc-pricing-table\"><div class=\"tpath-pricing-item\"><div class=\"pricing-plan-list pricing-box\"><div class=\"table-header\"><h4 class=\"pricing-title\">Petak 25.07.24.<\/h4><\/div><div class=\"table-cost\"><sup><\/sup><span class=\"pricing-title\">799,00<\/span><div class=\"table-per\"><sub>rsd<\/sub><\/div><\/div><div class=\"table-divider\"><\/div><div class=\"table-features\"><p><strong>\u2022 JAY LUMEN \u2022<\/strong><br \/>\n<strong>\u2022 FOREST PEOPLE \u2022<\/strong><br \/>\n<strong>\u2022 RADICAL AXIS \u2022<\/strong><br \/>\n<strong>\u2022 VERIDICAL \u2022<\/strong><\/p>\n<p>&nbsp;<\/p>\n<div dir=\"auto\">Prate\u0107i no\u0107ni program:<br \/>\n<strong>\u2022 <\/strong>360 Photo Booth <strong>\u2022<\/strong><\/div>\n<div dir=\"auto\"><strong>\u2022<\/strong> Summer3p heritage <strong>\u2022<\/strong><\/div>\n<div dir=\"auto\">&#8230; and more<\/div>\n<\/div><div class=\"table-button tpath-input-submit\"><a href=\"#\" title=\"\" target=\"_self\" class=\"btn btn-outline btn-pricing\"><\/a><\/div><\/div><\/div><\/div><\/div><\/div><\/div><div class=\"wpb_animate_when_almost_visible wpb_bounceInUp bounceInUp wpb_column vc_main_column vc_column_container vc_col-sm-4 typo-default\"><div class=\"tpath-column-inner-wrapper vc_column-inner bg-style column-bg-default vc_custom_1479214184379\"><div class=\"wpb_wrapper\"><div id=\"tpath-pricing-table-2\" class=\"tpath-pricing-table-wrapper vc-pricing-table\"><div class=\"tpath-pricing-item\"><div class=\"pricing-plan-list pricing-box\"><div class=\"table-header\"><h4 class=\"pricing-title\">Subota 26.07.24.<\/h4><\/div><div class=\"table-cost\"><sup><\/sup><span class=\"pricing-title\">799,00<\/span><div class=\"table-per\"><sub>rsd<\/sub><\/div><\/div><div class=\"table-divider\"><\/div><div class=\"table-features\"><p><strong>\u2022 BOATECH \u2022<\/strong><br \/>\n<strong>\u2022 YELISAVETA \u2022<\/strong><br \/>\n<strong>\u2022 SYNSANE \u2022<\/strong><br \/>\n<strong>\u2022 WIKINGER \u2022<\/strong><\/p>\n<p>&nbsp;<\/p>\n<div dir=\"auto\">Prate\u0107i no\u0107ni program:<br \/>\n<strong>\u2022 <\/strong>360 Photo Booth <strong>\u2022<\/strong><\/div>\n<div dir=\"auto\"><strong>\u2022<\/strong> Summer3p heritage <strong>\u2022<\/strong><\/div>\n<div dir=\"auto\">&#8230; and more<\/div>\n<\/div><div class=\"table-button tpath-input-submit\"><a href=\"#\" title=\"\" target=\"_self\" class=\"btn btn-outline btn-pricing\"><\/a><\/div><\/div><\/div><\/div><\/div><\/div><\/div><div class=\"wpb_animate_when_almost_visible wpb_bounceInRight bounceInRight wpb_column vc_main_column vc_column_container vc_col-sm-4 typo-default\"><div class=\"tpath-column-inner-wrapper vc_column-inner bg-style column-bg-default vc_custom_1479214197530\"><div class=\"wpb_wrapper\"><div id=\"tpath-pricing-table-3\" class=\"tpath-pricing-table-wrapper vc-pricing-table\"><div class=\"tpath-pricing-item\"><div class=\"pricing-plan-list pricing-box\"><div class=\"table-header\"><h4 class=\"pricing-title\">Nedelja 27.07.24.<\/h4><\/div><div class=\"table-cost\"><sup><\/sup><span class=\"pricing-title\">0,00<\/span><div class=\"table-per\"><sub>rsd<\/sub><\/div><\/div><div class=\"table-divider\"><\/div><div class=\"table-features\"><p><strong>PORODI\u010cNI DAN<\/strong><\/p>\n<div dir=\"auto\">\u2022 Andy Dee Live music sport set \u2022 TNG RecikLart 3.0 \u2022 Painting ART \u2022 Summer3p heritage \u2022 NceNtar sport &amp; AKA Fight by Bane \u2022 Bonsai club \u2022 Miroslav Lazendi\u0107 feat. Matrijar\u0161ija, radionica kola\u017ea \u2022 Piazza Italija &amp; Gordana Vidakovi\u0107 \u2022 Relax zone \u2022 Yoga \u2022 \u0160ah Art \u2022 Body paint \u2022 Tinker Labs &#8211; Subotica \u2022 Vazduhoplovno modelarski klub Subotica<\/div>\n<div dir=\"auto\">&#8230; and more<\/div>\n<\/div><div class=\"table-button tpath-input-submit\"><a href=\"#\" title=\"\" target=\"_self\" class=\"btn btn-outline btn-pricing\"><\/a><\/div><\/div><\/div><\/div><\/div><\/div><\/div><\/div><\/div><\/div><\/div><section class=\"vc_section\"><div class=\"vc_row wpb_row vc_row-fluid tpath-vc-section bg-style tpath-standard bg-shapecolor-tpath-standard\"><div class=\"tpath-row-inner-wrapper\"><div class=\"container\"><div class=\"row\"><div class=\"wpb_column vc_main_column vc_column_container vc_col-sm-12 typo-default\"><div class=\"tpath-column-inner-wrapper vc_column-inner bg-style column-bg-default\"><div class=\"wpb_wrapper\"><div class=\"tpath-section-title clearfix separator-style-no text-center titleid-1\"><div class=\"section-heading-top\"><div class=\"section-heading\"><h2 class=\"section-title\">Pre-sale<\/h2><\/div><\/div><\/div>\n\t<div class=\"wpb_text_column wpb_content_element\" >\n\t\t<div class=\"wpb_wrapper\">\n\t\t\t<div>Dvodnevna ve\u010dernja ulaznica &#8211; (petak i subota) &#8211; 1000 RSD, u pretprodaji od 01.07.2024.:<\/div>\n<div>\n<p><strong><span id=\"symbolText\">\u2022<\/span> Beer &amp; Caffe, Matije Korvina 4, 24000 Subotica<\/strong><\/p>\n<\/div>\n<div>BROJ KARATA OGRANI\u010cEN<\/div>\n\n\t\t<\/div>\n\t<\/div>\n<div class=\"tpath-section-title clearfix separator-style-no text-center titleid-2\"><div class=\"section-heading-top\"><div class=\"section-heading\"><h2 class=\"section-title\">Regular sales<\/h2><\/div><\/div><\/div>\n\t<div class=\"wpb_text_column wpb_content_element\" >\n\t\t<div class=\"wpb_wrapper\">\n\t\t\t<p>Pojedina\u010dne ve\u010dernje karte se kupuju na ulazu Summer3p festivala: Kompleks kasarne Petar Drap\u0161in (druga kasarna), Segedinski put, Subotica &#8211; Pali\u0107<\/p>\n\n\t\t<\/div>\n\t<\/div>\n<\/div><\/div><\/div><\/div><\/div><\/div><\/div><\/section><div class=\"vc_row wpb_row vc_row-fluid wpb_animate_when_almost_visible wpb_rollIn rollIn vc_custom_1479214393279 vc_row-has-fill tpath-vc-section bg-style overlay-wrapper bg-overlay dark-overlay-color light-opacity bg-shapecolor-tpath-standard\"><div class=\"tpath-row-inner-wrapper\"><div class=\"container\"><div class=\"row\"><div class=\"wpb_column vc_main_column vc_column_container vc_col-sm-12 typo-white\"><div class=\"tpath-column-inner-wrapper vc_column-inner bg-style column-bg-default\"><div class=\"wpb_wrapper\"><\/div><\/div><\/div><\/div><\/div><\/div><\/div>\n<\/section>","protected":false},"excerpt":{"rendered":"Petak 25.07.24.799,00rsd\u2022 JAY LUMEN \u2022 \u2022 FOREST PEOPLE \u2022 \u2022 RADICAL AXIS \u2022 \u2022 VERIDICAL \u2022 &nbsp; Prate\u0107i no\u0107ni program: \u2022 360 Photo Booth \u2022 \u2022 Summer3p heritage \u2022 ......","protected":false},"author":2,"featured_media":0,"parent":0,"menu_order":0,"comment_status":"closed","ping_status":"closed","template":"template-fullwidth.php","meta":{"footnotes":""},"class_list":["post-418","page","type-page","status-publish","hentry"],"_links":{"self":[{"href":"https:\/\/summer3p.org\/en\/wp-json\/wp\/v2\/pages\/418","targetHints":{"allow":["GET"]}}],"collection":[{"href":"https:\/\/summer3p.org\/en\/wp-json\/wp\/v2\/pages"}],"about":[{"href":"https:\/\/summer3p.org\/en\/wp-json\/wp\/v2\/types\/page"}],"author":[{"embeddable":true,"href":"https:\/\/summer3p.org\/en\/wp-json\/wp\/v2\/users\/2"}],"replies":[{"embeddable":true,"href":"https:\/\/summer3p.org\/en\/wp-json\/wp\/v2\/comments?post=418"}],"version-history":[{"count":50,"href":"https:\/\/summer3p.org\/en\/wp-json\/wp\/v2\/pages\/418\/revisions"}],"predecessor-version":[{"id":7651,"href":"https:\/\/summer3p.org\/en\/wp-json\/wp\/v2\/pages\/418\/revisions\/7651"}],"wp:attachment":[{"href":"https:\/\/summer3p.org\/en\/wp-json\/wp\/v2\/media?parent=418"}],"curies":[{"name":"wp","href":"https:\/\/api.w.org\/{rel}","templated":true}]}}