{"id":477,"date":"2016-11-16T06:34:25","date_gmt":"2016-11-16T06:34:25","guid":{"rendered":"http:\/\/asianitbd.com\/wp\/smartup\/demo\/blog-large-style-copy\/"},"modified":"2025-07-01T20:17:57","modified_gmt":"2025-07-01T20:17:57","slug":"lineup","status":"publish","type":"page","link":"https:\/\/summer3p.org\/en\/lineup\/","title":{"rendered":"Summer3p 2025"},"content":{"rendered":"<section class=\"wpb-content-wrapper\"><div class=\"vc_row wpb_row vc_row-fluid vc_custom_1479274501267 tpath-vc-section bg-style tpath-standard bg-shapecolor-tpath-standard\"><div class=\"tpath-row-inner-wrapper\"><div class=\"container\"><div class=\"row\"><div class=\"wpb_column vc_main_column vc_column_container vc_col-sm-12 typo-default\"><div class=\"tpath-column-inner-wrapper vc_column-inner bg-style column-bg-default\"><div class=\"wpb_wrapper\"><h1 style=\"text-align: center;font-family:Abril Fatface;font-weight:400;font-style:normal\" class=\"vc_custom_heading\" >LINE UP<\/h1><\/div><\/div><\/div><\/div><\/div><\/div><\/div><div class=\"vc_row wpb_row vc_row-fluid tpath-vc-section bg-style tpath-standard bg-shapecolor-tpath-standard\"><div class=\"tpath-row-inner-wrapper\"><div class=\"container\"><div class=\"row\"><div class=\"wpb_column vc_main_column vc_column_container vc_col-sm-12 typo-default\"><div class=\"tpath-column-inner-wrapper vc_column-inner bg-style column-bg-default\"><div class=\"wpb_wrapper\"><div class=\"tpath-team-shortcode team-gallery-wrapper tpath-isotope-system team-type-grid style-default\"><div class=\"tpath-isotope-wrapper\"><div id=\"tpath_team_1\" class=\"tpath-team-grid tpath-isotope-layout team-columns-3\" data-columns=\"3\" data-gutter=\"30\" data-type=\"masonry\" data-layout=\"fitRows\"><div id=\"team-7675\" class=\"team-item isotope-post post-iso-w4 post-iso-h4 grid-cat-40 text-left type-grid\"><div class=\"post-inside-wrapper margin-top-30\"><div class=\"team-image-wrapper\"><div class=\"team-item-img\"><a href=\"https:\/\/summer3p.org\/en\/team\/jay-lumen\/\" title=\"Jay Lumen\"><img loading=\"lazy\" decoding=\"async\" src=\"https:\/\/summer3p.org\/wp-content\/uploads\/2025\/07\/8.1080x1080-JAY-LUMEN-540x520.png\" width=\"540\" height=\"520\" alt=\"Jay Lumen\" class=\"img-responsive\" \/><\/a><\/div><\/div><div class=\"team-content-wrapper\"><div class=\"team-content-top\"><h5 class=\"team-member-name\"><a href=\"https:\/\/summer3p.org\/en\/team\/jay-lumen\/\" title=\"Jay Lumen\">Jay Lumen<\/a><\/h5><div class=\"team-member-description\"><p>Jay Lumen is the stage name of a Hungarian techno producer and DJ. He is the...<\/p><\/div><\/div><div class=\"team-member-button\"><a class=\"btn btn-style-outline\" href=\"https:\/\/summer3p.org\/en\/team\/jay-lumen\/\" title=\"Jay Lumen\">View Profile<\/a><\/div><\/div><\/div><\/div><div id=\"team-7674\" class=\"team-item isotope-post post-iso-w4 post-iso-h4 grid-cat-40 text-left type-grid\"><div class=\"post-inside-wrapper margin-top-30\"><div class=\"team-image-wrapper\"><div class=\"team-item-img\"><a href=\"https:\/\/summer3p.org\/en\/team\/7674\/\" title=\"Forest People\"><img loading=\"lazy\" decoding=\"async\" src=\"https:\/\/summer3p.org\/wp-content\/uploads\/2025\/07\/7.1080x1080-FOREST-PEOPLE-540x520.png\" width=\"540\" height=\"520\" alt=\"Forest People\" class=\"img-responsive\" \/><\/a><\/div><\/div><div class=\"team-content-wrapper\"><div class=\"team-content-top\"><h5 class=\"team-member-name\"><a href=\"https:\/\/summer3p.org\/en\/team\/7674\/\" title=\"Forest People\">Forest People<\/a><\/h5><div class=\"team-member-description\"><p>Forest People is the pseudonym of Dragan Lakic, a highly acclaimed DJ and producer from Bosnia...<\/p><\/div><\/div><div class=\"team-member-button\"><a class=\"btn btn-style-outline\" href=\"https:\/\/summer3p.org\/en\/team\/7674\/\" title=\"Forest People\">View Profile<\/a><\/div><\/div><\/div><\/div><div id=\"team-7673\" class=\"team-item isotope-post post-iso-w4 post-iso-h4 grid-cat-40 text-left type-grid\"><div class=\"post-inside-wrapper margin-top-30\"><div class=\"team-image-wrapper\"><div class=\"team-item-img\"><a href=\"https:\/\/summer3p.org\/en\/team\/yelisaveta\/\" title=\"Yelisaveta\"><img loading=\"lazy\" decoding=\"async\" src=\"https:\/\/summer3p.org\/wp-content\/uploads\/2025\/07\/6.1080x1080-YELISAVETA-540x520.png\" width=\"540\" height=\"520\" alt=\"Yelisaveta\" class=\"img-responsive\" \/><\/a><\/div><\/div><div class=\"team-content-wrapper\"><div class=\"team-content-top\"><h5 class=\"team-member-name\"><a href=\"https:\/\/summer3p.org\/en\/team\/yelisaveta\/\" title=\"Yelisaveta\">Yelisaveta<\/a><\/h5><div class=\"team-member-description\"><p>Yelisaveta is a classically trained musician turned DJ and producer. In her music, she is meeting...<\/p><\/div><\/div><div class=\"team-member-button\"><a class=\"btn btn-style-outline\" href=\"https:\/\/summer3p.org\/en\/team\/yelisaveta\/\" title=\"Yelisaveta\">View Profile<\/a><\/div><\/div><\/div><\/div><div id=\"team-7672\" class=\"team-item isotope-post post-iso-w4 post-iso-h4 grid-cat-40 text-left type-grid\"><div class=\"post-inside-wrapper margin-top-30\"><div class=\"team-image-wrapper\"><div class=\"team-item-img\"><a href=\"https:\/\/summer3p.org\/en\/team\/boatech\/\" title=\"Boatech\"><img loading=\"lazy\" decoding=\"async\" src=\"https:\/\/summer3p.org\/wp-content\/uploads\/2025\/07\/5.1080x1080-BOATECH-540x520.png\" width=\"540\" height=\"520\" alt=\"Boatech\" class=\"img-responsive\" \/><\/a><\/div><\/div><div class=\"team-content-wrapper\"><div class=\"team-content-top\"><h5 class=\"team-member-name\"><a href=\"https:\/\/summer3p.org\/en\/team\/boatech\/\" title=\"Boatech\">Boatech<\/a><\/h5><div class=\"team-member-description\"><p>Boatech is a Hungarian DJ\/Producer from Budapest. From his early career, techno was the main style...<\/p><\/div><\/div><div class=\"team-member-button\"><a class=\"btn btn-style-outline\" href=\"https:\/\/summer3p.org\/en\/team\/boatech\/\" title=\"Boatech\">View Profile<\/a><\/div><\/div><\/div><\/div><div id=\"team-7671\" class=\"team-item isotope-post post-iso-w4 post-iso-h4 grid-cat-40 text-left type-grid\"><div class=\"post-inside-wrapper margin-top-30\"><div class=\"team-image-wrapper\"><div class=\"team-item-img\"><a href=\"https:\/\/summer3p.org\/en\/team\/synsane\/\" title=\"Synsane\"><img loading=\"lazy\" decoding=\"async\" src=\"https:\/\/summer3p.org\/wp-content\/uploads\/2025\/07\/4.1080x1080-SYNSANE-540x520.png\" width=\"540\" height=\"520\" alt=\"Synsane\" class=\"img-responsive\" \/><\/a><\/div><\/div><div class=\"team-content-wrapper\"><div class=\"team-content-top\"><h5 class=\"team-member-name\"><a href=\"https:\/\/summer3p.org\/en\/team\/synsane\/\" title=\"Synsane\">Synsane<\/a><\/h5><div class=\"team-member-description\"><p>SYNSANE dolazi iz Novog Sada gde ve\u0107 dugi niz godina gradi karijeru rame uz rame sa...<\/p><\/div><\/div><div class=\"team-member-button\"><a class=\"btn btn-style-outline\" href=\"https:\/\/summer3p.org\/en\/team\/synsane\/\" title=\"Synsane\">View Profile<\/a><\/div><\/div><\/div><\/div><div id=\"team-7670\" class=\"team-item isotope-post post-iso-w4 post-iso-h4 grid-cat-40 text-left type-grid\"><div class=\"post-inside-wrapper margin-top-30\"><div class=\"team-image-wrapper\"><div class=\"team-item-img\"><a href=\"https:\/\/summer3p.org\/en\/team\/radical-axis\/\" title=\"Radical Axis\"><img loading=\"lazy\" decoding=\"async\" src=\"https:\/\/summer3p.org\/wp-content\/uploads\/2025\/07\/3.1080x1080-RADICAL-AXIS-540x520.png\" width=\"540\" height=\"520\" alt=\"Radical Axis\" class=\"img-responsive\" \/><\/a><\/div><\/div><div class=\"team-content-wrapper\"><div class=\"team-content-top\"><h5 class=\"team-member-name\"><a href=\"https:\/\/summer3p.org\/en\/team\/radical-axis\/\" title=\"Radical Axis\">Radical Axis<\/a><\/h5><div class=\"team-member-description\"><p>Radical Axis emerged as a fresh and innovative force, rising from the remnants of a former...<\/p><\/div><\/div><div class=\"team-member-button\"><a class=\"btn btn-style-outline\" href=\"https:\/\/summer3p.org\/en\/team\/radical-axis\/\" title=\"Radical Axis\">View Profile<\/a><\/div><\/div><\/div><\/div><div id=\"team-7669\" class=\"team-item isotope-post post-iso-w4 post-iso-h4 grid-cat-40 text-left type-grid\"><div class=\"post-inside-wrapper margin-top-30\"><div class=\"team-image-wrapper\"><div class=\"team-item-img\"><a href=\"https:\/\/summer3p.org\/en\/team\/veridical\/\" title=\"Veridical\"><img loading=\"lazy\" decoding=\"async\" src=\"https:\/\/summer3p.org\/wp-content\/uploads\/2025\/07\/2.1080x1080-VERIDICAL-540x520.png\" width=\"540\" height=\"520\" alt=\"Veridical\" class=\"img-responsive\" \/><\/a><\/div><\/div><div class=\"team-content-wrapper\"><div class=\"team-content-top\"><h5 class=\"team-member-name\"><a href=\"https:\/\/summer3p.org\/en\/team\/veridical\/\" title=\"Veridical\">Veridical<\/a><\/h5><div class=\"team-member-description\"><p>Pre svega ljubitelj i kolekcionar elektronske underground muzike, \u017deljko Rapi\u0107 \u2013 Veridical, je dobro poznat lokalnoj...<\/p><\/div><\/div><div class=\"team-member-button\"><a class=\"btn btn-style-outline\" href=\"https:\/\/summer3p.org\/en\/team\/veridical\/\" title=\"Veridical\">View Profile<\/a><\/div><\/div><\/div><\/div><div id=\"team-7660\" class=\"team-item isotope-post post-iso-w4 post-iso-h4 grid-cat-40 text-left type-grid\"><div class=\"post-inside-wrapper margin-top-30\"><div class=\"team-image-wrapper\"><div class=\"team-item-img\"><a href=\"https:\/\/summer3p.org\/en\/team\/wikinger\/\" title=\"Wiking\u00ebr\"><img loading=\"lazy\" decoding=\"async\" src=\"https:\/\/summer3p.org\/wp-content\/uploads\/2025\/07\/1.1080x1080-WIKINGER-540x520.png\" width=\"540\" height=\"520\" alt=\"Wiking\u00ebr\" class=\"img-responsive\" \/><\/a><\/div><\/div><div class=\"team-content-wrapper\"><div class=\"team-content-top\"><h5 class=\"team-member-name\"><a href=\"https:\/\/summer3p.org\/en\/team\/wikinger\/\" title=\"Wiking\u00ebr\">Wiking\u00ebr<\/a><\/h5><div class=\"team-member-description\"><p>Poti\u010du\u0107i iz \u017eivopisne andergraund scene Subotice, Wiking\u00ebr je zapo\u010deo svoju DJ karieru sa 16 godina, pod...<\/p><\/div><\/div><div class=\"team-member-button\"><a class=\"btn btn-style-outline\" href=\"https:\/\/summer3p.org\/en\/team\/wikinger\/\" title=\"Wiking\u00ebr\">View Profile<\/a><\/div><\/div><\/div><\/div><\/div><\/div><\/div><\/div><\/div><\/div><\/div><\/div><\/div><\/div>\n<\/section>","protected":false},"excerpt":{"rendered":"Poti\u010du\u0107i iz \u017eivopisne andergraund scene Subotice, Wiking\u00ebr je zapo\u010deo svoju DJ karieru sa 16 godina, pod nazivom Axel Naim. Kao jedan od klju\u010dnih figura u oblikovanju lokalne klaberske scene, rano...","protected":false},"author":2,"featured_media":0,"parent":0,"menu_order":0,"comment_status":"closed","ping_status":"closed","template":"","meta":{"footnotes":""},"class_list":["post-477","page","type-page","status-publish","hentry"],"_links":{"self":[{"href":"https:\/\/summer3p.org\/en\/wp-json\/wp\/v2\/pages\/477","targetHints":{"allow":["GET"]}}],"collection":[{"href":"https:\/\/summer3p.org\/en\/wp-json\/wp\/v2\/pages"}],"about":[{"href":"https:\/\/summer3p.org\/en\/wp-json\/wp\/v2\/types\/page"}],"author":[{"embeddable":true,"href":"https:\/\/summer3p.org\/en\/wp-json\/wp\/v2\/users\/2"}],"replies":[{"embeddable":true,"href":"https:\/\/summer3p.org\/en\/wp-json\/wp\/v2\/comments?post=477"}],"version-history":[{"count":39,"href":"https:\/\/summer3p.org\/en\/wp-json\/wp\/v2\/pages\/477\/revisions"}],"predecessor-version":[{"id":7658,"href":"https:\/\/summer3p.org\/en\/wp-json\/wp\/v2\/pages\/477\/revisions\/7658"}],"wp:attachment":[{"href":"https:\/\/summer3p.org\/en\/wp-json\/wp\/v2\/media?parent=477"}],"curies":[{"name":"wp","href":"https:\/\/api.w.org\/{rel}","templated":true}]}}