{"id":7,"date":"2018-04-12T19:29:28","date_gmt":"2018-04-12T19:29:28","guid":{"rendered":"http:\/\/summer3p.concordsoft.com\/?page_id=7"},"modified":"2018-04-12T21:02:36","modified_gmt":"2018-04-12T21:02:36","slug":"o-nama","status":"publish","type":"page","link":"https:\/\/summer3p.org\/en\/o-nama\/","title":{"rendered":"About us"},"content":{"rendered":"<section class=\"wpb-content-wrapper\"><div class=\"vc_row wpb_row vc_row-fluid tpath-vc-section bg-style tpath-standard bg-shapecolor-tpath-standard\"><div class=\"tpath-row-inner-wrapper\"><div class=\"container\"><div class=\"row\"><div class=\"wpb_column vc_main_column vc_column_container vc_col-sm-8 typo-default\"><div class=\"tpath-column-inner-wrapper vc_column-inner bg-style column-bg-default\"><div class=\"wpb_wrapper\">\n\t<div class=\"wpb_text_column wpb_content_element  vc_custom_1523566559860\" >\n\t\t<div class=\"wpb_wrapper\">\n\t\t\t<p>Pali\u0107 ima turisti\u010dku tradiciju dugu 170 godina, a predstavlja jedinstven ambijent nastao spojem prirodnih vrednosti i arhitektonskog nasle\u0111a. Pali\u0107ko jezero je udaljeno osam kilometara od Subotice i predstavlja popularno izleti\u0161te Suboti\u010dana i ljudi iz drugih krajeva Srbije. Na Pali\u0107u i neposrednoj okolini sme\u0161teni su hoteli i drugi sme\u0161tajni objekti raznih vrsta i kategorija, restorani i drugi ugostiteljski objekti, teniski tereni, letnja pozornica, velika terasa i mnogobrojne vile koje pripadaju takozvanom Pali\u0107kom stilu i zajedno \u010dine celinu koja sve vi\u0161e privla\u010di mnogobrojne goste. Uzimaju\u0107i sve ovo u obzir, Pali\u0107 ima odli\u010dne uslove za odr\u017eavanje raznovrsnih manifestacija me\u0111u kojima je i \u201eFestival elektronske muzike Summer3p\u201c.<\/p>\n<p>Festival je pokrenut 2003. godine sa osnovnim ciljem da pokrene omladinu Subotice i ponudi druga\u010diji i vi\u0161i standard zabave omladini. Festival organizuje nevladina organizacija \u201eA\u0160C\u201c (\u201eAnti \u0161und korporacija). \u201eSummer3p\u201c festival se tradicionalno odr\u017eava na prostoru mu\u0161kog \u0161tranda i termalnog bazena na Pali\u0107u. \u010cinjenica da se glavna bina festivala nalazi na prostoru termalnog bazena je jedan od klju\u010dnih \u010dinilaca njegove popularnosti, dok prostor mu\u0161kog \u0161tranda predstavlja idealnu lokaciju za nemuzi\u010dke sadr\u017eaje manifestacije kao \u0161to su radionice i sportske aktivnosti.<\/p>\n<p>Ono \u0161to izdvaja \u201eSummer3p\u201c od ve\u0107ine drugih festivala jeste postojanje raznovrsnog dnevnog programa, koji posetiocima pru\u017ea \u0161ansu i da u\u010destvuju u radionicama muzi\u010dke produkcije, novinarskim, slikarskim, hip-hop radionicama, da svakog dana rade jogu na obali Pali\u0107kog jezera, prisustvuju promociji kampanja. Dakle, svim posetiocima se pru\u017ea prilika da ne budu samo konzumenti gotovog i serviranog muzi\u010dkog programa, ve\u0107 i da nau\u010de ne\u0161to novo i u\u010dine svoj boravak na Pali\u0107u korisnijim i zanimljivijim.<\/p>\n\n\t\t<\/div>\n\t<\/div>\n<\/div><\/div><\/div><div class=\"wpb_column vc_main_column vc_column_container vc_col-sm-4 typo-default\"><div class=\"tpath-column-inner-wrapper vc_column-inner bg-style column-bg-default\"><div class=\"wpb_wrapper\">\n\t<div  class=\"wpb_single_image wpb_content_element vc_align_right\">\n\t\t\n\t\t<figure class=\"wpb_wrapper vc_figure\">\n\t\t\t<div class=\"vc_single_image-wrapper   vc_box_border_grey\"><img loading=\"lazy\" decoding=\"async\" width=\"1300\" height=\"867\" src=\"https:\/\/summer3p.org\/wp-content\/uploads\/2018\/04\/summer3p-o-nama.jpg\" class=\"vc_single_image-img attachment-full\" alt=\"\" title=\"summer3p-o-nama\" srcset=\"https:\/\/summer3p.org\/wp-content\/uploads\/2018\/04\/summer3p-o-nama.jpg 1300w, https:\/\/summer3p.org\/wp-content\/uploads\/2018\/04\/summer3p-o-nama-300x200.jpg 300w, https:\/\/summer3p.org\/wp-content\/uploads\/2018\/04\/summer3p-o-nama-768x512.jpg 768w, https:\/\/summer3p.org\/wp-content\/uploads\/2018\/04\/summer3p-o-nama-1024x683.jpg 1024w\" sizes=\"auto, (max-width: 1300px) 100vw, 1300px\" \/><\/div>\n\t\t<\/figure>\n\t<\/div>\n<\/div><\/div><\/div><\/div><\/div><\/div><\/div><div class=\"vc_row wpb_row vc_row-fluid tpath-vc-section bg-style tpath-standard bg-shapecolor-tpath-standard\"><div class=\"tpath-row-inner-wrapper\"><div class=\"container\"><div class=\"row\"><div class=\"wpb_column vc_main_column vc_column_container vc_col-sm-12 typo-default\"><div class=\"tpath-column-inner-wrapper vc_column-inner bg-style column-bg-default vc_custom_1523566757438\"><div class=\"wpb_wrapper\"><h2 style=\"text-align: left;font-family:Abril Fatface;font-weight:400;font-style:normal\" class=\"vc_custom_heading vc_custom_1523566774242\" >Istorijat odr\u017eavanja manifesacije<\/h2><\/div><\/div><\/div><\/div><\/div><\/div><\/div><div class=\"vc_row wpb_row vc_row-fluid tpath-vc-section bg-style tpath-standard bg-shapecolor-tpath-standard\"><div class=\"tpath-row-inner-wrapper\"><div class=\"container\"><div class=\"row\"><div class=\"wpb_column vc_main_column vc_column_container vc_col-sm-12 typo-default\"><div class=\"tpath-column-inner-wrapper vc_column-inner bg-style column-bg-default vc_custom_1523566741269\"><div class=\"wpb_wrapper\">\n\t<div class=\"wpb_text_column wpb_content_element\" >\n\t\t<div class=\"wpb_wrapper\">\n\t\t\t<p>&#8222;Summer3p\u201d festival se prvi put odr\u017eao 2003. godine sa ciljem da mladima u okru\u017eenju pru\u017ei kvalitetan zabavni program i omogu\u0107i prodor svetskih trendova u oblasti muzike, filma, mode i stila. Ideja za festival nastala je kada je mala grupica ljudi, nezadovoljna kvalitetom zabavnog programa u Subotici i okolini, odlu\u010dila da napravi sopstvenu \u017eurku. Za mesto odr\u017eavanja prve \u017eurke, koja je trajala samo jednu no\u0107, odabran je termalni bazen na Pali\u0107u. Kasnije se festival pro\u0161irio na celu teritoriju mu\u0161kog \u0161tranda, ali termalni bazen je i dalje ostao centar de\u0161avanja.<\/p>\n<p>For the first two years, the festival lasted one day only, but reactions of the visitors were very positive. So in 2005 the festival extended its program to eight days, and nine in 2006. This proved to be an excellent move by the organizers. This way, what started as a one-night party turned into a real mini festival that, over the last couple of years grew to a four-day celebration: Electronic Music Festival Summer 3p, held in the second half of July. Each year, visitors enjoy the music of a variety of DJs, while indulging in the delights of thermal water with their favorite drink in hand. The festival has an educational character as well, especially in the field of tolerance, which is implemented by organizing creative workshops, all with the support of federal and regional institutions.<\/p>\n<p>The name Summer3p is a result of a casual conversation between organizers, who came up with the idea to use four words to, as simply as possible, describe the festival and then translate them into English. Those words were: leto, bazen, Palic and zurka. When these words are translated into English we get the following: summer, pool, party, Palic. Combining the first word with the remaining three words we get Summerppp or the name Summer3p. Everyone liked the name so it became the official title of the festival, throughout all the years of its existence.<\/p>\n<p>Presentation of high-quality cultural content presumes eventually raising the level of culture of the audience. It is also expected to increase the level of tolerance of participants, through social interaction and engagement in creative workshops, as well as through indirect influence of the entire environment of the festival.<\/p>\n<p>Due to the fact that the festival includes a large number of visitors and performers in one place, new contacts among the participants are expected, as is their contribution to multicultural exchange and social interaction.<\/p>\n<p>Festival svojim kulturnim i edukativnim sadr\u017eajem, dopunjava programe lokalnog i pokrajinskog Sekretarijata za kulturu, kao i lokalnog i pokrajinskog Sekretarijata za sport i omladinu. Svojom porukom &#8222;STOP NASILJU&#8220; festival se uklapa u napore nadle\u017enih pokrajinskih i republi\u010dkih ministarstava za podizanje nivoa tolerancije i smanjenja broja incidenata izme\u0111u pripadnika razli\u010ditih nacionalnih zajednica na teritoriji Vojvodine.<\/p>\n\n\t\t<\/div>\n\t<\/div>\n<\/div><\/div><\/div><\/div><\/div><\/div><\/div><div class=\"vc_row wpb_row vc_row-fluid tpath-vc-section bg-style tpath-standard bg-shapecolor-tpath-standard\"><div class=\"tpath-row-inner-wrapper\"><div class=\"container\"><div class=\"row\"><div class=\"wpb_column vc_main_column vc_column_container vc_col-sm-12 typo-default\"><div class=\"tpath-column-inner-wrapper vc_column-inner bg-style column-bg-default\"><div class=\"wpb_wrapper\">\n\t<div  class=\"wpb_single_image wpb_content_element vc_align_left\">\n\t\t\n\t\t<figure class=\"wpb_wrapper vc_figure\">\n\t\t\t<div class=\"vc_single_image-wrapper   vc_box_border_grey\"><img loading=\"lazy\" decoding=\"async\" width=\"1920\" height=\"1280\" src=\"https:\/\/summer3p.org\/wp-content\/uploads\/2018\/04\/summer3p-o-nama2.jpg\" class=\"vc_single_image-img attachment-full\" alt=\"\" title=\"summer3p-o-nama2\" srcset=\"https:\/\/summer3p.org\/wp-content\/uploads\/2018\/04\/summer3p-o-nama2.jpg 1920w, https:\/\/summer3p.org\/wp-content\/uploads\/2018\/04\/summer3p-o-nama2-300x200.jpg 300w, https:\/\/summer3p.org\/wp-content\/uploads\/2018\/04\/summer3p-o-nama2-768x512.jpg 768w, https:\/\/summer3p.org\/wp-content\/uploads\/2018\/04\/summer3p-o-nama2-1024x683.jpg 1024w\" sizes=\"auto, (max-width: 1920px) 100vw, 1920px\" \/><\/div>\n\t\t<\/figure>\n\t<\/div>\n<\/div><\/div><\/div><\/div><\/div><\/div><\/div>\n<\/section>","protected":false},"excerpt":{"rendered":"Pali\u0107 ima turisti\u010dku tradiciju dugu 170 godina, a predstavlja jedinstven ambijent nastao spojem prirodnih vrednosti i arhitektonskog nasle\u0111a. Pali\u0107ko jezero je udaljeno osam kilometara od Subotice i predstavlja popularno izleti\u0161te...","protected":false},"author":1,"featured_media":0,"parent":0,"menu_order":0,"comment_status":"closed","ping_status":"closed","template":"","meta":{"footnotes":""},"class_list":["post-7","page","type-page","status-publish","hentry"],"_links":{"self":[{"href":"https:\/\/summer3p.org\/en\/wp-json\/wp\/v2\/pages\/7","targetHints":{"allow":["GET"]}}],"collection":[{"href":"https:\/\/summer3p.org\/en\/wp-json\/wp\/v2\/pages"}],"about":[{"href":"https:\/\/summer3p.org\/en\/wp-json\/wp\/v2\/types\/page"}],"author":[{"embeddable":true,"href":"https:\/\/summer3p.org\/en\/wp-json\/wp\/v2\/users\/1"}],"replies":[{"embeddable":true,"href":"https:\/\/summer3p.org\/en\/wp-json\/wp\/v2\/comments?post=7"}],"version-history":[{"count":3,"href":"https:\/\/summer3p.org\/en\/wp-json\/wp\/v2\/pages\/7\/revisions"}],"predecessor-version":[{"id":39,"href":"https:\/\/summer3p.org\/en\/wp-json\/wp\/v2\/pages\/7\/revisions\/39"}],"wp:attachment":[{"href":"https:\/\/summer3p.org\/en\/wp-json\/wp\/v2\/media?parent=7"}],"curies":[{"name":"wp","href":"https:\/\/api.w.org\/{rel}","templated":true}]}}